{"id":664,"date":"2025-06-05T09:33:56","date_gmt":"2025-06-05T09:33:56","guid":{"rendered":"https:\/\/www.camit.unt.edu.ar\/?page_id=664"},"modified":"2025-06-06T08:58:09","modified_gmt":"2025-06-06T08:58:09","slug":"proyectos-expositivos","status":"publish","type":"page","link":"https:\/\/www.camit.unt.edu.ar\/index.php\/proyectos-expositivos\/","title":{"rendered":"Proyectos expositivos"},"content":{"rendered":"\t\t<div data-elementor-type=\"wp-page\" data-elementor-id=\"664\" class=\"elementor elementor-664\">\n\t\t\t\t<div class=\"elementor-element elementor-element-4a634d5 e-flex e-con-boxed e-con e-parent\" data-id=\"4a634d5\" data-element_type=\"container\">\n\t\t\t\t\t<div class=\"e-con-inner\">\n\t\t\t\t<div class=\"elementor-element elementor-element-c10fa13 elementor-widget elementor-widget-text-editor\" data-id=\"c10fa13\" data-element_type=\"widget\" data-widget_type=\"text-editor.default\">\n\t\t\t\t<div class=\"elementor-widget-container\">\n\t\t\t\t\t\t\t\t\t<p><span style=\"font-weight: 400;\">Durante los \u00faltimos a\u00f1os co-generamos con distintas instituciones y organismos de Derechos Humanos \u2013como FaDeTuc\u2013, la Asociaci\u00f3n Amigos del Museo y Talleres Ferroviarios de Taf\u00ed Viejo, el Instituto Superior de Estudios Sociales (ISES, UNT-CONICET), el \u00c1rea de DD.HH. de la UNT, la Municipalidad de Taf\u00ed Viejo, entre otros, distintas experiencias expositivas itinerantes y temporarias que posibilitaron presentar los resultados parciales de las investigaciones que realiza el CAMIT y de la Arqueolog\u00eda Forense en Tucum\u00e1n.<\/span><\/p><p>-File pdf proiettati<\/p>\t\t\t\t\t\t\t\t<\/div>\n\t\t\t\t<\/div>\n\t\t\t\t\t<\/div>\n\t\t\t\t<\/div>\n\t\t\t\t<\/div>\n\t\t","protected":false},"excerpt":{"rendered":"<p>Durante los \u00faltimos a\u00f1os co-generamos con distintas instituciones y organismos de Derechos Humanos \u2013como FaDeTuc\u2013, la Asociaci\u00f3n Amigos del Museo y Talleres Ferroviarios de Taf\u00ed Viejo, el Instituto Superior de Estudios Sociales (ISES, UNT-CONICET), el \u00c1rea de DD.HH. de la UNT, la Municipalidad de Taf\u00ed Viejo, entre otros, distintas experiencias expositivas itinerantes y temporarias que [&hellip;]<\/p>\n","protected":false},"author":1,"featured_media":0,"parent":0,"menu_order":0,"comment_status":"closed","ping_status":"closed","template":"","meta":{"footnotes":""},"class_list":["post-664","page","type-page","status-publish","hentry"],"_links":{"self":[{"href":"https:\/\/www.camit.unt.edu.ar\/index.php\/wp-json\/wp\/v2\/pages\/664","targetHints":{"allow":["GET"]}}],"collection":[{"href":"https:\/\/www.camit.unt.edu.ar\/index.php\/wp-json\/wp\/v2\/pages"}],"about":[{"href":"https:\/\/www.camit.unt.edu.ar\/index.php\/wp-json\/wp\/v2\/types\/page"}],"author":[{"embeddable":true,"href":"https:\/\/www.camit.unt.edu.ar\/index.php\/wp-json\/wp\/v2\/users\/1"}],"replies":[{"embeddable":true,"href":"https:\/\/www.camit.unt.edu.ar\/index.php\/wp-json\/wp\/v2\/comments?post=664"}],"version-history":[{"count":13,"href":"https:\/\/www.camit.unt.edu.ar\/index.php\/wp-json\/wp\/v2\/pages\/664\/revisions"}],"predecessor-version":[{"id":767,"href":"https:\/\/www.camit.unt.edu.ar\/index.php\/wp-json\/wp\/v2\/pages\/664\/revisions\/767"}],"wp:attachment":[{"href":"https:\/\/www.camit.unt.edu.ar\/index.php\/wp-json\/wp\/v2\/media?parent=664"}],"curies":[{"name":"wp","href":"https:\/\/api.w.org\/{rel}","templated":true}]}}