{"id":648,"date":"2025-06-05T09:21:15","date_gmt":"2025-06-05T09:21:15","guid":{"rendered":"https:\/\/www.camit.unt.edu.ar\/?page_id=648"},"modified":"2025-06-06T08:58:38","modified_gmt":"2025-06-06T08:58:38","slug":"publicaciones","status":"publish","type":"page","link":"https:\/\/www.camit.unt.edu.ar\/index.php\/publicaciones\/","title":{"rendered":"Publicaciones"},"content":{"rendered":"\t\t<div data-elementor-type=\"wp-page\" data-elementor-id=\"648\" class=\"elementor elementor-648\">\n\t\t\t\t<div class=\"elementor-element elementor-element-7598ec7 e-flex e-con-boxed e-con e-parent\" data-id=\"7598ec7\" data-element_type=\"container\">\n\t\t\t\t\t<div class=\"e-con-inner\">\n\t\t\t\t<div class=\"elementor-element elementor-element-ccfbd82 elementor-widget elementor-widget-text-editor\" data-id=\"ccfbd82\" data-element_type=\"widget\" data-widget_type=\"text-editor.default\">\n\t\t\t\t<div class=\"elementor-widget-container\">\n\t\t\t\t\t\t\t\t\t<p><span style=\"font-weight: 400;\">Durante estos a\u00f1os generamos algunos textos donde exponemos parcialmente los resultados de las investigaciones del CAMIT. Recientemente editamos un libro que re\u00fane el trabajo que realizan distintos equipos, investigadoras e investigadores tanto en Argentina como en otros pa\u00edses como Uruguay, Paraguay, Canad\u00e1, Espa\u00f1a y M\u00e9xico.<\/span><\/p><p>-PDF dei capitoli del libro<\/p>\t\t\t\t\t\t\t\t<\/div>\n\t\t\t\t<\/div>\n\t\t\t\t\t<\/div>\n\t\t\t\t<\/div>\n\t\t<div class=\"elementor-element elementor-element-986d358 e-grid e-con-boxed e-con e-parent\" data-id=\"986d358\" data-element_type=\"container\">\n\t\t\t\t\t<div class=\"e-con-inner\">\n\t\t\t\t<div class=\"elementor-element elementor-element-7bb48ea elementor-widget elementor-widget-image\" data-id=\"7bb48ea\" data-element_type=\"widget\" data-widget_type=\"image.default\">\n\t\t\t\t<div class=\"elementor-widget-container\">\n\t\t\t\t\t\t\t\t\t\t\t\t\t\t\t<img fetchpriority=\"high\" decoding=\"async\" width=\"668\" height=\"1024\" src=\"https:\/\/www.camit.unt.edu.ar\/wp-content\/uploads\/2025\/04\/71hGZggSqBL._SL1360_-668x1024.jpg\" class=\"attachment-large size-large wp-image-314\" alt=\"\" srcset=\"https:\/\/www.camit.unt.edu.ar\/wp-content\/uploads\/2025\/04\/71hGZggSqBL._SL1360_-668x1024.jpg 668w, https:\/\/www.camit.unt.edu.ar\/wp-content\/uploads\/2025\/04\/71hGZggSqBL._SL1360_-196x300.jpg 196w, https:\/\/www.camit.unt.edu.ar\/wp-content\/uploads\/2025\/04\/71hGZggSqBL._SL1360_-768x1178.jpg 768w, https:\/\/www.camit.unt.edu.ar\/wp-content\/uploads\/2025\/04\/71hGZggSqBL._SL1360_.jpg 887w\" sizes=\"(max-width: 668px) 100vw, 668px\" \/>\t\t\t\t\t\t\t\t\t\t\t\t\t\t\t<\/div>\n\t\t\t\t<\/div>\n\t\t\t\t<div class=\"elementor-element elementor-element-9c6e562 elementor-widget elementor-widget-image\" data-id=\"9c6e562\" data-element_type=\"widget\" data-widget_type=\"image.default\">\n\t\t\t\t<div class=\"elementor-widget-container\">\n\t\t\t\t\t\t\t\t\t\t\t\t\t\t\t<img decoding=\"async\" width=\"1024\" height=\"1024\" src=\"https:\/\/www.camit.unt.edu.ar\/wp-content\/uploads\/2025\/04\/Untitled-1-1024x1024.png\" class=\"attachment-large size-large wp-image-261\" alt=\"\" srcset=\"https:\/\/www.camit.unt.edu.ar\/wp-content\/uploads\/2025\/04\/Untitled-1-1024x1024.png 1024w, https:\/\/www.camit.unt.edu.ar\/wp-content\/uploads\/2025\/04\/Untitled-1-300x300.png 300w, https:\/\/www.camit.unt.edu.ar\/wp-content\/uploads\/2025\/04\/Untitled-1-150x150.png 150w, https:\/\/www.camit.unt.edu.ar\/wp-content\/uploads\/2025\/04\/Untitled-1-768x768.png 768w, https:\/\/www.camit.unt.edu.ar\/wp-content\/uploads\/2025\/04\/Untitled-1.png 1080w\" sizes=\"(max-width: 1024px) 100vw, 1024px\" \/>\t\t\t\t\t\t\t\t\t\t\t\t\t\t\t<\/div>\n\t\t\t\t<\/div>\n\t\t\t\t<div class=\"elementor-element elementor-element-4b4ff52 elementor-widget elementor-widget-image\" data-id=\"4b4ff52\" data-element_type=\"widget\" data-widget_type=\"image.default\">\n\t\t\t\t<div class=\"elementor-widget-container\">\n\t\t\t\t\t\t\t\t\t\t\t\t\t\t\t<img decoding=\"async\" width=\"1024\" height=\"1024\" src=\"https:\/\/www.camit.unt.edu.ar\/wp-content\/uploads\/2025\/04\/Untitled-1-1024x1024.png\" class=\"attachment-large size-large wp-image-261\" alt=\"\" srcset=\"https:\/\/www.camit.unt.edu.ar\/wp-content\/uploads\/2025\/04\/Untitled-1-1024x1024.png 1024w, https:\/\/www.camit.unt.edu.ar\/wp-content\/uploads\/2025\/04\/Untitled-1-300x300.png 300w, https:\/\/www.camit.unt.edu.ar\/wp-content\/uploads\/2025\/04\/Untitled-1-150x150.png 150w, https:\/\/www.camit.unt.edu.ar\/wp-content\/uploads\/2025\/04\/Untitled-1-768x768.png 768w, https:\/\/www.camit.unt.edu.ar\/wp-content\/uploads\/2025\/04\/Untitled-1.png 1080w\" sizes=\"(max-width: 1024px) 100vw, 1024px\" \/>\t\t\t\t\t\t\t\t\t\t\t\t\t\t\t<\/div>\n\t\t\t\t<\/div>\n\t\t\t\t\t<\/div>\n\t\t\t\t<\/div>\n\t\t\t\t<\/div>\n\t\t","protected":false},"excerpt":{"rendered":"<p>Durante estos a\u00f1os generamos algunos textos donde exponemos parcialmente los resultados de las investigaciones del CAMIT. Recientemente editamos un libro que re\u00fane el trabajo que realizan distintos equipos, investigadoras e investigadores tanto en Argentina como en otros pa\u00edses como Uruguay, Paraguay, Canad\u00e1, Espa\u00f1a y M\u00e9xico. -PDF dei capitoli del libro<\/p>\n","protected":false},"author":1,"featured_media":0,"parent":0,"menu_order":0,"comment_status":"closed","ping_status":"closed","template":"","meta":{"footnotes":""},"class_list":["post-648","page","type-page","status-publish","hentry"],"_links":{"self":[{"href":"https:\/\/www.camit.unt.edu.ar\/index.php\/wp-json\/wp\/v2\/pages\/648","targetHints":{"allow":["GET"]}}],"collection":[{"href":"https:\/\/www.camit.unt.edu.ar\/index.php\/wp-json\/wp\/v2\/pages"}],"about":[{"href":"https:\/\/www.camit.unt.edu.ar\/index.php\/wp-json\/wp\/v2\/types\/page"}],"author":[{"embeddable":true,"href":"https:\/\/www.camit.unt.edu.ar\/index.php\/wp-json\/wp\/v2\/users\/1"}],"replies":[{"embeddable":true,"href":"https:\/\/www.camit.unt.edu.ar\/index.php\/wp-json\/wp\/v2\/comments?post=648"}],"version-history":[{"count":16,"href":"https:\/\/www.camit.unt.edu.ar\/index.php\/wp-json\/wp\/v2\/pages\/648\/revisions"}],"predecessor-version":[{"id":770,"href":"https:\/\/www.camit.unt.edu.ar\/index.php\/wp-json\/wp\/v2\/pages\/648\/revisions\/770"}],"wp:attachment":[{"href":"https:\/\/www.camit.unt.edu.ar\/index.php\/wp-json\/wp\/v2\/media?parent=648"}],"curies":[{"name":"wp","href":"https:\/\/api.w.org\/{rel}","templated":true}]}}