{"id":49,"date":"2025-02-04T07:49:50","date_gmt":"2025-02-04T07:49:50","guid":{"rendered":"https:\/\/www.camit.unt.edu.ar\/?page_id=49"},"modified":"2025-05-28T11:37:31","modified_gmt":"2025-05-28T11:37:31","slug":"homepage","status":"publish","type":"page","link":"https:\/\/www.camit.unt.edu.ar\/","title":{"rendered":"&#8220;Una testimonianza per le generazioni future.&#8221;"},"content":{"rendered":"\t\t<div data-elementor-type=\"wp-page\" data-elementor-id=\"49\" class=\"elementor elementor-49\">\n\t\t\t\t<div class=\"elementor-element elementor-element-3e1ba86 e-grid e-con-boxed e-con e-parent\" data-id=\"3e1ba86\" data-element_type=\"container\">\n\t\t\t\t\t<div class=\"e-con-inner\">\n\t\t\t\t<div class=\"elementor-element elementor-element-f448751 elementor-widget elementor-widget-video\" data-id=\"f448751\" data-element_type=\"widget\" data-settings=\"{&quot;youtube_url&quot;:&quot;https:\\\/\\\/www.youtube.com\\\/watch?v=ENNGAormH2E&quot;,&quot;video_type&quot;:&quot;youtube&quot;,&quot;controls&quot;:&quot;yes&quot;}\" data-widget_type=\"video.default\">\n\t\t\t\t<div class=\"elementor-widget-container\">\n\t\t\t\t\t\t\t<div class=\"elementor-wrapper elementor-open-inline\">\n\t\t\t<div class=\"elementor-video\"><\/div>\t\t<\/div>\n\t\t\t\t\t\t<\/div>\n\t\t\t\t<\/div>\n\t\t\t\t\t<\/div>\n\t\t\t\t<\/div>\n\t\t<div class=\"elementor-element elementor-element-a90296b e-flex e-con-boxed e-con e-parent\" data-id=\"a90296b\" data-element_type=\"container\">\n\t\t\t\t\t<div class=\"e-con-inner\">\n\t\t\t\t<div class=\"elementor-element elementor-element-4850b21 elementor-widget elementor-widget-contentviews_widget_overlay1\" data-id=\"4850b21\" data-element_type=\"widget\" data-widget_type=\"contentviews_widget_overlay1.default\">\n\t\t\t\t<div class=\"elementor-widget-container\">\n\t\t\t\t\t<div class='pt-cv-wrapper'> <h3 class='pt-cv-heading-container heading1' data-blockid='4850b21'><span class='pt-cv-heading'> Heading <\/span><\/h3><div class=\"pt-cv-view pt-cv-overlaygrid iscvblock iscvelementor overlay1 layout1\" id=\"pt-cv-view-4850b21\"><div data-id=\"pt-cv-page-1\" class=\"pt-cv-page\" data-cvc=\"1\"><div class=\" pt-cv-content-item pt-cv-1-col\" ><div class=\"pt-cv-thumb-wrapper  \"><a href=\"https:\/\/www.camit.unt.edu.ar\/index.php\/quienes-somos\/\" class=\"_self pt-cv-href-thumbnail pt-cv-thumb-default\" target=\"_self\" ><img decoding=\"async\" src=\"https:\/\/www.camit.unt.edu.ar\/wp-content\/plugins\/content-views-query-and-display-post-page\/public\/assets\/images\/default_image.png\" class=\"pt-cv-thumbnail cv-default-img\" alt=\"Qui\u00e9nes somos\" title=\"\" \/><\/a><\/div>\n<div class=\"pt-cv-overlay-wrapper\"><div class=\"pt-cv-taxoterm above_title\"><\/div><h4 class=\"pt-cv-title\"><a href=\"https:\/\/www.camit.unt.edu.ar\/index.php\/quienes-somos\/\" class=\"_self\" target=\"_self\" >Qui\u00e9nes somos<\/a><\/h4><div class=\"pt-cv-content\"> ...<\/div><\/div><\/div>\n<div class=\" pt-cv-content-item pt-cv-1-col\" ><div class=\"pt-cv-thumb-wrapper  \"><a href=\"https:\/\/www.camit.unt.edu.ar\/index.php\/publicaciones\/\" class=\"_self pt-cv-href-thumbnail pt-cv-thumb-default\" target=\"_self\" ><img decoding=\"async\" src=\"https:\/\/www.camit.unt.edu.ar\/wp-content\/plugins\/content-views-query-and-display-post-page\/public\/assets\/images\/default_image.png\" class=\"pt-cv-thumbnail cv-default-img\" alt=\"Publicaciones\" title=\"\" \/><\/a><\/div>\n<div class=\"pt-cv-overlay-wrapper\"><div class=\"pt-cv-taxoterm above_title\"><\/div><h4 class=\"pt-cv-title\"><a href=\"https:\/\/www.camit.unt.edu.ar\/index.php\/publicaciones\/\" class=\"_self\" target=\"_self\" >Publicaciones<\/a><\/h4><div class=\"pt-cv-content\">Durante estos a\u00f1os generamos algunos textos donde exponemos parcialmente los resultados de las investigaciones del CAMIT. Recientemente editamos un libro ...<\/div><\/div><\/div>\n<div class=\" pt-cv-content-item pt-cv-1-col\" ><div class=\"pt-cv-thumb-wrapper  \"><a href=\"https:\/\/www.camit.unt.edu.ar\/index.php\/proyectos-expositivos\/\" class=\"_self pt-cv-href-thumbnail pt-cv-thumb-default\" target=\"_self\" ><img decoding=\"async\" src=\"https:\/\/www.camit.unt.edu.ar\/wp-content\/plugins\/content-views-query-and-display-post-page\/public\/assets\/images\/default_image.png\" class=\"pt-cv-thumbnail cv-default-img\" alt=\"Proyectos expositivos\" title=\"\" \/><\/a><\/div>\n<div class=\"pt-cv-overlay-wrapper\"><div class=\"pt-cv-taxoterm above_title\"><\/div><h4 class=\"pt-cv-title\"><a href=\"https:\/\/www.camit.unt.edu.ar\/index.php\/proyectos-expositivos\/\" class=\"_self\" target=\"_self\" >Proyectos expositivos<\/a><\/h4><div class=\"pt-cv-content\">Durante los \u00faltimos a\u00f1os co-generamos con distintas instituciones y organismos de Derechos Humanos \u2013como FaDeTuc\u2013, la Asociaci\u00f3n Amigos del Museo ...<\/div><\/div><\/div>\n<div class=\" pt-cv-content-item pt-cv-1-col\" ><div class=\"pt-cv-thumb-wrapper  \"><a href=\"https:\/\/www.camit.unt.edu.ar\/index.php\/proyectos\/\" class=\"_self pt-cv-href-thumbnail pt-cv-thumb-default\" target=\"_self\" ><img decoding=\"async\" src=\"https:\/\/www.camit.unt.edu.ar\/wp-content\/plugins\/content-views-query-and-display-post-page\/public\/assets\/images\/default_image.png\" class=\"pt-cv-thumbnail cv-default-img\" alt=\"Proyectos\" title=\"\" \/><\/a><\/div>\n<div class=\"pt-cv-overlay-wrapper\"><div class=\"pt-cv-taxoterm above_title\"><\/div><h4 class=\"pt-cv-title\"><a href=\"https:\/\/www.camit.unt.edu.ar\/index.php\/proyectos\/\" class=\"_self\" target=\"_self\" >Proyectos<\/a><\/h4><div class=\"pt-cv-content\"> ...<\/div><\/div><\/div>\n<div class=\" pt-cv-content-item pt-cv-1-col\" ><div class=\"pt-cv-thumb-wrapper  \"><a href=\"https:\/\/www.camit.unt.edu.ar\/index.php\/menciones-y-reconocimientos\/\" class=\"_self pt-cv-href-thumbnail pt-cv-thumb-default\" target=\"_self\" ><img decoding=\"async\" src=\"https:\/\/www.camit.unt.edu.ar\/wp-content\/plugins\/content-views-query-and-display-post-page\/public\/assets\/images\/default_image.png\" class=\"pt-cv-thumbnail cv-default-img\" alt=\"Menciones y reconocimientos\" title=\"\" \/><\/a><\/div>\n<div class=\"pt-cv-overlay-wrapper\"><div class=\"pt-cv-taxoterm above_title\"><\/div><h4 class=\"pt-cv-title\"><a href=\"https:\/\/www.camit.unt.edu.ar\/index.php\/menciones-y-reconocimientos\/\" class=\"_self\" target=\"_self\" >Menciones y reconocimientos<\/a><\/h4><div class=\"pt-cv-content\">A\u00f1o: 2014Reconocimiento por la labor cient\u00edfica de recuperaci\u00f3n e identificaci\u00f3n de personas secuestradas \/ desaparecidas durante el Terrorismo de Estado ...<\/div><\/div><\/div>\n<div class=\" pt-cv-content-item pt-cv-1-col\" ><div class=\"pt-cv-thumb-wrapper  \"><a href=\"https:\/\/www.camit.unt.edu.ar\/index.php\/memoria-y-educacion\/\" class=\"_self pt-cv-href-thumbnail pt-cv-thumb-default\" target=\"_self\" ><img decoding=\"async\" src=\"https:\/\/www.camit.unt.edu.ar\/wp-content\/plugins\/content-views-query-and-display-post-page\/public\/assets\/images\/default_image.png\" class=\"pt-cv-thumbnail cv-default-img\" alt=\"Memoria y Educaci\u00f3n\" title=\"\" \/><\/a><\/div>\n<div class=\"pt-cv-overlay-wrapper\"><div class=\"pt-cv-taxoterm above_title\"><\/div><h4 class=\"pt-cv-title\"><a href=\"https:\/\/www.camit.unt.edu.ar\/index.php\/memoria-y-educacion\/\" class=\"_self\" target=\"_self\" >Memoria y Educaci\u00f3n<\/a><\/h4><div class=\"pt-cv-content\">Un aspecto esencial del trabajo realizado en estos a\u00f1os es el referido al \u00e1mbito educativo. Durante los \u00faltimos a\u00f1os interactuamos ...<\/div><\/div><\/div><\/div><\/div> <\/div> \t\t\t\t<\/div>\n\t\t\t\t<\/div>\n\t\t\t\t\t<\/div>\n\t\t\t\t<\/div>\n\t\t\t\t<\/div>\n\t\t","protected":false},"excerpt":{"rendered":"<p>Heading Qui\u00e9nes somos El equipo Resena Historica Menciones y reconocimientos El equipo El CAMIT est\u00e1 constituido por hombres y mujeres con experiencias en &#8230; Proyectos Memoria y Educacion Publicaciones Proyectos expositivos Memoria ed educazione Un aspecto esencial del trabajo realizado en estos a\u00f1os es el &#8230; Contactos This is an example page. It&#8217;s different from [&hellip;]<\/p>\n","protected":false},"author":1,"featured_media":0,"parent":0,"menu_order":0,"comment_status":"closed","ping_status":"closed","template":"","meta":{"footnotes":""},"class_list":["post-49","page","type-page","status-publish","hentry"],"_links":{"self":[{"href":"https:\/\/www.camit.unt.edu.ar\/index.php\/wp-json\/wp\/v2\/pages\/49","targetHints":{"allow":["GET"]}}],"collection":[{"href":"https:\/\/www.camit.unt.edu.ar\/index.php\/wp-json\/wp\/v2\/pages"}],"about":[{"href":"https:\/\/www.camit.unt.edu.ar\/index.php\/wp-json\/wp\/v2\/types\/page"}],"author":[{"embeddable":true,"href":"https:\/\/www.camit.unt.edu.ar\/index.php\/wp-json\/wp\/v2\/users\/1"}],"replies":[{"embeddable":true,"href":"https:\/\/www.camit.unt.edu.ar\/index.php\/wp-json\/wp\/v2\/comments?post=49"}],"version-history":[{"count":37,"href":"https:\/\/www.camit.unt.edu.ar\/index.php\/wp-json\/wp\/v2\/pages\/49\/revisions"}],"predecessor-version":[{"id":432,"href":"https:\/\/www.camit.unt.edu.ar\/index.php\/wp-json\/wp\/v2\/pages\/49\/revisions\/432"}],"wp:attachment":[{"href":"https:\/\/www.camit.unt.edu.ar\/index.php\/wp-json\/wp\/v2\/media?parent=49"}],"curies":[{"name":"wp","href":"https:\/\/api.w.org\/{rel}","templated":true}]}}